





{"id":6,"date":"2010-12-06T13:54:37","date_gmt":"2010-12-06T13:54:37","guid":{"rendered":"http:\/\/kmr.se\/stockholm\/"},"modified":"2017-09-10T21:19:46","modified_gmt":"2017-09-10T21:19:46","slug":"foreningen","status":"publish","type":"page","link":"https:\/\/www.kmr.se\/harnosand\/","title":{"rendered":"F\u00f6reningen"},"content":{"rendered":"<p>V\u00e4lkomna till Kyrkomusikernas Riksf\u00f6rbund och<br \/>\nH\u00e4rn\u00f6sands stifts \u00f6stra kyrkomusikerf\u00f6rening, KMR-Y!<\/p>\n<p>Medlem i KMR-Y \u00e4r du som \u00e4r med i KMR<br \/>\noch som arbetar inom V\u00e4sternorrlands l\u00e4n.<br \/>\nI J\u00e4mtlands l\u00e4n verkar v\u00e5r systerf\u00f6rening<br \/>\nH\u00e4rn\u00f6sands stifts v\u00e4stra kyrkomusikerf\u00f6rening.<\/p>\n<p>P\u00e5 v\u00e5r hemsida\u00a0hittar du aktuell information om din fackliga lokalf\u00f6rening<br \/>\n\u2013 styrelse och valda ombud \u2013 och kontaktuppgifter till<br \/>\nde lokala avdelningarna av L\u00e4rarf\u00f6rbundet<br \/>\nsom ansvarar f\u00f6r dina l\u00f6ne- och MBL-fr\u00e5gor.<br \/>\nTveka inte att kontakta oss och dem!<\/p>\n<p>H\u00e4r finner du \u00e4ven l\u00e4nkar direkt till<br \/>\nfacklig information som det \u00e4r bra att ha k\u00e4nnedom om.<\/p>\n<p>Har du fr\u00e5gor om v\u00e5r f\u00f6rening och v\u00e5r hemsida,<br \/>\nsaknar du n\u00e5got eller har du tips p\u00e5 saker vi kan g\u00f6ra b\u00e4ttre<br \/>\n\u2013 kontakta n\u00e5gon i v\u00e5r styrelse!<\/p>\n<p>Du \u00e4r mycket v\u00e4lkommen att engagera dig i v\u00e5r gemensamma f\u00f6rening!<br \/>\nKontakta oss i styrelsen om du vill veta hur styrelsearbetet \u00e4r upplagt<br \/>\noch kontakta n\u00e5gon i valberedningen om du vill<br \/>\nkandidera till n\u00e5gon post inom f\u00f6reningen!<br \/>\nDu beh\u00f6vs!<\/p>\n<p><strong>Bli medlem!<\/strong><\/p>\n<p>Som medlem f\u00e5r du st\u00f6d av f\u00f6rbundet<br \/>\ni fr\u00e5gor som r\u00f6r din anst\u00e4llning.<br \/>\nDu f\u00e5r ocks\u00e5 inspiration och kompetensutveckling i yrkesfr\u00e5gor.<br \/>\nAtt bli medlem \u00e4r enkelt:<\/p>\n<p>G\u00e5 in p\u00e5 <a href=\"http:\/\/www.lararforbundet.se\/web\/ws.nsf\/webbIndexsida?ReadForm&amp;index=575C877AB84F8CB8C125744B003F9BEB&amp;kategoriid=002C44A6\" target=\"_blank\">L\u00e4rarf\u00f6rbundets hemsida<\/a> och ans\u00f6k om medlemskap.<br \/>\nUnder \u00f6vriga upplysningar skriver du att<br \/>\ndu ska vara dubbelansluten till KMR eftersom du \u00e4r kyrkomusiker.<br \/>\n<a href=\"http:\/\/kmr.se.space2u.com\/dokument\/medlemskap_info_2009.pdf\">Avtalet mellan KMR och L\u00e4rarf\u00f6rbundet kan du l\u00e4sa h\u00e4r<\/a><br \/>\nV\u00e4lkommen att bli en av oss!<\/p>\n<p>\/Styrelsen KMR-Y<\/p>\n<p>&nbsp;<\/p>\n","protected":false},"excerpt":{"rendered":"<p>V\u00e4lkomna till Kyrkomusikernas Riksf\u00f6rbund och H\u00e4rn\u00f6sands stifts \u00f6stra kyrkomusikerf\u00f6rening, KMR-Y! Medlem i KMR-Y \u00e4r du som \u00e4r med i KMR och som arbetar inom V\u00e4sternorrlands l\u00e4n. I J\u00e4mtlands l\u00e4n verkar v\u00e5r systerf\u00f6rening H\u00e4rn\u00f6sands stifts v\u00e4stra kyrkomusikerf\u00f6rening. P\u00e5 v\u00e5r hemsida\u00a0hittar du aktuell information om din fackliga lokalf\u00f6rening \u2013 styrelse och valda ombud \u2013 och kontaktuppgifter till [&hellip;]<\/p>\n","protected":false},"author":1,"featured_media":0,"parent":0,"menu_order":5,"comment_status":"open","ping_status":"closed","template":"","meta":{"footnotes":""},"class_list":["post-6","page","type-page","status-publish","hentry"],"_links":{"self":[{"href":"https:\/\/www.kmr.se\/harnosand\/wp-json\/wp\/v2\/pages\/6","targetHints":{"allow":["GET"]}}],"collection":[{"href":"https:\/\/www.kmr.se\/harnosand\/wp-json\/wp\/v2\/pages"}],"about":[{"href":"https:\/\/www.kmr.se\/harnosand\/wp-json\/wp\/v2\/types\/page"}],"author":[{"embeddable":true,"href":"https:\/\/www.kmr.se\/harnosand\/wp-json\/wp\/v2\/users\/1"}],"replies":[{"embeddable":true,"href":"https:\/\/www.kmr.se\/harnosand\/wp-json\/wp\/v2\/comments?post=6"}],"version-history":[{"count":10,"href":"https:\/\/www.kmr.se\/harnosand\/wp-json\/wp\/v2\/pages\/6\/revisions"}],"predecessor-version":[{"id":28,"href":"https:\/\/www.kmr.se\/harnosand\/wp-json\/wp\/v2\/pages\/6\/revisions\/28"}],"wp:attachment":[{"href":"https:\/\/www.kmr.se\/harnosand\/wp-json\/wp\/v2\/media?parent=6"}],"curies":[{"name":"wp","href":"https:\/\/api.w.org\/{rel}","templated":true}]}}