





{"id":37,"date":"2011-09-22T12:50:27","date_gmt":"2011-09-22T12:50:27","guid":{"rendered":"http:\/\/www.kmr.se\/harnosand\/?page_id=37"},"modified":"2011-11-15T15:17:21","modified_gmt":"2011-11-15T15:17:21","slug":"facklig-information","status":"publish","type":"page","link":"https:\/\/www.kmr.se\/harnosand\/facklig-information\/","title":{"rendered":"Facklig information"},"content":{"rendered":"<p>P\u00e5 denna sida \u00e5terfinner du l\u00e4nkar till <a title=\"KMR\" href=\"http:\/\/www.kmr.se\">KMR<\/a> samt lokal information fr\u00e5n KMR-Y.<br \/>\nF\u00f6r information fr\u00e5n L\u00e4rarf\u00f6rbundet h\u00e4nvisas du till deras hemsidor, se fliken &#8221;l\u00e4nkar&#8221;<\/p>\n<p><strong>CENTRAL FACKLIG INFORMATION<\/strong><\/p>\n<p>Avtal och \u00f6vrig facklig information, se <a title=\"KMR info\" href=\"http:\/\/www.kmr.se\/dokument.php\">KMRs sida<\/a><\/p>\n<p>Vi h\u00e4nvisar till Lule\u00e5s hemsida f\u00f6r information om schema, arbetsmilj\u00f6 etc som \u00e5terfinns under deras l\u00e4nk <a title=\"Lule\u00e5s hemsida\" href=\"http:\/\/www.kmr.se\/lulea\/\">&#8221;Fackligt&#8221;<\/a><\/p>\n<p><strong>LOKAL FACKLIG INFORMATION<\/strong><\/p>\n","protected":false},"excerpt":{"rendered":"<p>P\u00e5 denna sida \u00e5terfinner du l\u00e4nkar till KMR samt lokal information fr\u00e5n KMR-Y. F\u00f6r information fr\u00e5n L\u00e4rarf\u00f6rbundet h\u00e4nvisas du till deras hemsidor, se fliken &#8221;l\u00e4nkar&#8221; CENTRAL FACKLIG INFORMATION Avtal och \u00f6vrig facklig information, se KMRs sida Vi h\u00e4nvisar till Lule\u00e5s hemsida f\u00f6r information om schema, arbetsmilj\u00f6 etc som \u00e5terfinns under deras l\u00e4nk &#8221;Fackligt&#8221; LOKAL FACKLIG [&hellip;]<\/p>\n","protected":false},"author":1,"featured_media":0,"parent":0,"menu_order":0,"comment_status":"open","ping_status":"open","template":"","meta":{"footnotes":""},"class_list":["post-37","page","type-page","status-publish","hentry"],"_links":{"self":[{"href":"https:\/\/www.kmr.se\/harnosand\/wp-json\/wp\/v2\/pages\/37","targetHints":{"allow":["GET"]}}],"collection":[{"href":"https:\/\/www.kmr.se\/harnosand\/wp-json\/wp\/v2\/pages"}],"about":[{"href":"https:\/\/www.kmr.se\/harnosand\/wp-json\/wp\/v2\/types\/page"}],"author":[{"embeddable":true,"href":"https:\/\/www.kmr.se\/harnosand\/wp-json\/wp\/v2\/users\/1"}],"replies":[{"embeddable":true,"href":"https:\/\/www.kmr.se\/harnosand\/wp-json\/wp\/v2\/comments?post=37"}],"version-history":[{"count":10,"href":"https:\/\/www.kmr.se\/harnosand\/wp-json\/wp\/v2\/pages\/37\/revisions"}],"predecessor-version":[{"id":113,"href":"https:\/\/www.kmr.se\/harnosand\/wp-json\/wp\/v2\/pages\/37\/revisions\/113"}],"wp:attachment":[{"href":"https:\/\/www.kmr.se\/harnosand\/wp-json\/wp\/v2\/media?parent=37"}],"curies":[{"name":"wp","href":"https:\/\/api.w.org\/{rel}","templated":true}]}}