





{"id":35,"date":"2011-09-22T12:47:10","date_gmt":"2011-09-22T12:47:10","guid":{"rendered":"http:\/\/www.kmr.se\/harnosand\/?page_id=35"},"modified":"2015-03-22T12:59:54","modified_gmt":"2015-03-22T12:59:54","slug":"protokoll","status":"publish","type":"page","link":"https:\/\/www.kmr.se\/harnosand\/protokoll\/","title":{"rendered":"Protokoll"},"content":{"rendered":"<p>Protokoll 2014<\/p>\n<p><a href=\"http:\/\/www.kmr.se\/harnosand\/wp-content\/uploads\/2011\/09\/Protokoll-styrelse-o-konstituerande-2014.pdf\"><strong>Protokoll styrelse o konstituerande 2014<\/strong><\/a><\/p>\n<p><strong>\u00c5rsm\u00f6tesprotokoll<\/strong><\/p>\n<p><a href=\"http:\/\/www.kmr.se\/harnosand\/wp-content\/uploads\/2011\/09\/\u00c5rsm\u00f6tesprotokoll-2011.pdf\">\u00c5rsm\u00f6tesprotokoll 2011<\/a>\u00a0\u00a0\u00a0\u00a0\u00a0 <a href=\"http:\/\/www.kmr.se\/harnosand\/wp-content\/uploads\/2011\/09\/\u00c5rsm\u00f6tesprotokoll-20120228.pdf\">\u00c5rsm\u00f6tesprotokoll 20120228<\/a><\/p>\n<p><a href=\"http:\/\/www.kmr.se\/harnosand\/wp-content\/uploads\/2011\/09\/sabra.pastorat@svenskakyran.se_20130512_0952371.pdf\"><strong>\u00c5rsm\u00f6tesprotokoll 20130225<\/strong><\/a><\/p>\n<p><strong>M\u00f6tesprotokoll<\/strong><br \/>\n<strong>\u00a0\u00a02011<\/strong><\/p>\n<p><a href=\"http:\/\/www.kmr.se\/harnosand\/wp-content\/uploads\/2011\/09\/konstituerande-styrelsem\u00f6te-22-februari.pdf\">konstituerande styrelsem\u00f6te 22 februari<\/a>\u00a0\u00a0\u00a0 <a href=\"http:\/\/www.kmr.se\/harnosand\/wp-content\/uploads\/2011\/09\/styrelsem\u00f6te-8-februari1.pdf\">styrelsem\u00f6te 8 februari<\/a><\/p>\n<p><a href=\"http:\/\/www.kmr.se\/harnosand\/wp-content\/uploads\/2011\/09\/styrelsem\u00f6te-29-mars1.pdf\">styrelsem\u00f6te 29 mars<\/a>\u00a0\u00a0\u00a0\u00a0\u00a0\u00a0\u00a0\u00a0\u00a0\u00a0\u00a0\u00a0\u00a0\u00a0\u00a0\u00a0\u00a0\u00a0\u00a0\u00a0\u00a0\u00a0\u00a0\u00a0\u00a0\u00a0\u00a0\u00a0\u00a0\u00a0\u00a0\u00a0\u00a0\u00a0\u00a0\u00a0\u00a0 <a href=\"http:\/\/www.kmr.se\/harnosand\/wp-content\/uploads\/2011\/09\/styrelsem\u00f6te-10-maj1.pdf\">styrelsem\u00f6te 10 maj<\/a><\/p>\n<p><a href=\"http:\/\/www.kmr.se\/harnosand\/wp-content\/uploads\/2011\/09\/Protokoll-2011-09-27.pdf\">Protokoll 2011-09-27<\/a>\u00a0\u00a0\u00a0\u00a0\u00a0\u00a0\u00a0\u00a0\u00a0\u00a0\u00a0\u00a0\u00a0\u00a0\u00a0\u00a0\u00a0\u00a0\u00a0\u00a0\u00a0\u00a0\u00a0\u00a0\u00a0\u00a0\u00a0\u00a0\u00a0\u00a0\u00a0\u00a0\u00a0\u00a0\u00a0\u00a0\u00a0\u00a0 <a href=\"http:\/\/www.kmr.se\/harnosand\/wp-content\/uploads\/2011\/09\/Protokoll-2011-11-15.pdf\">Protokoll 2011-11-15<\/a><\/p>\n<p><strong>2012<\/strong><\/p>\n<p><strong><\/strong><a href=\"http:\/\/www.kmr.se\/harnosand\/wp-content\/uploads\/2011\/09\/Protokoll-2012-01-11.pdf\">Protokoll 2012-01-11<\/a>\u00a0\u00a0\u00a0\u00a0\u00a0\u00a0\u00a0\u00a0\u00a0\u00a0\u00a0\u00a0\u00a0\u00a0\u00a0\u00a0\u00a0\u00a0\u00a0\u00a0\u00a0\u00a0\u00a0\u00a0\u00a0\u00a0\u00a0\u00a0\u00a0\u00a0\u00a0\u00a0\u00a0\u00a0\u00a0\u00a0\u00a0\u00a0\u00a0 <a href=\"http:\/\/www.kmr.se\/harnosand\/wp-content\/uploads\/2011\/09\/Protokoll-2012-02-14.pdf\">Protokoll 2012-02-14<\/a><\/p>\n<p><a href=\"http:\/\/www.kmr.se\/harnosand\/wp-content\/uploads\/2011\/09\/Konstituerande-20120228.pdf\">Konstituerande 20120228<\/a>\u00a0\u00a0\u00a0\u00a0\u00a0\u00a0\u00a0\u00a0\u00a0\u00a0\u00a0\u00a0\u00a0\u00a0\u00a0\u00a0\u00a0\u00a0\u00a0\u00a0\u00a0\u00a0\u00a0\u00a0\u00a0\u00a0\u00a0\u00a0\u00a0 <a href=\"http:\/\/www.kmr.se\/harnosand\/wp-content\/uploads\/2011\/09\/Styrelseprotokoll-20120417.pdf\">Styrelseprotokoll 20120417<\/a><\/p>\n<p><a href=\"http:\/\/www.kmr.se\/harnosand\/wp-content\/uploads\/2011\/09\/Styrelseprotokoll-20120612.pdf\">Styrelseprotokoll 20120612<\/a>\u00a0\u00a0\u00a0\u00a0\u00a0\u00a0\u00a0\u00a0\u00a0\u00a0\u00a0\u00a0\u00a0\u00a0\u00a0\u00a0\u00a0\u00a0\u00a0\u00a0\u00a0\u00a0\u00a0\u00a0\u00a0\u00a0\u00a0\u00a0<a href=\"http:\/\/www.kmr.se\/harnosand\/wp-content\/uploads\/2011\/09\/Protokoll-2012-09-23.pdf\">Protokoll 2012-09-23<\/a><\/p>\n<p><a href=\"http:\/\/www.kmr.se\/harnosand\/wp-content\/uploads\/2011\/09\/Protokoll-2012.11.20.pdf\">Protokoll 2012.11.20<\/a><\/p>\n<p><strong>\u00a02013<\/strong><\/p>\n<p><a href=\"http:\/\/www.kmr.se\/harnosand\/wp-content\/uploads\/2011\/09\/sabra.pastorat@svenskakyran.se_20130512_095401.pdf\">2013-01-22<\/a>\u00a0\u00a0\u00a0\u00a0\u00a0\u00a0\u00a0\u00a0\u00a0\u00a0\u00a0\u00a0\u00a0\u00a0\u00a0\u00a0\u00a0\u00a0\u00a0\u00a0\u00a0\u00a0\u00a0\u00a0\u00a0\u00a0\u00a0\u00a0\u00a0\u00a0\u00a0\u00a0\u00a0\u00a0\u00a0\u00a0\u00a0\u00a0\u00a0\u00a0\u00a0\u00a0\u00a0\u00a0\u00a0\u00a0\u00a0\u00a0\u00a0\u00a0\u00a0 <a href=\"http:\/\/www.kmr.se\/harnosand\/wp-content\/uploads\/2011\/09\/sabra.pastorat@svenskakyran.se_20130512_095325.pdf\">Konstituerande m\u00f6te 2013-02-25<\/a><\/p>\n<p><a href=\"http:\/\/www.kmr.se\/harnosand\/wp-content\/uploads\/2011\/09\/sabra.pastorat@svenskakyran.se_20130512_093731.pdf\">2013-04-16<\/a>\u00a0\u00a0\u00a0\u00a0\u00a0\u00a0\u00a0\u00a0\u00a0\u00a0\u00a0\u00a0\u00a0\u00a0\u00a0\u00a0\u00a0\u00a0\u00a0\u00a0\u00a0\u00a0\u00a0\u00a0\u00a0\u00a0\u00a0\u00a0\u00a0\u00a0\u00a0\u00a0\u00a0\u00a0\u00a0\u00a0\u00a0\u00a0\u00a0\u00a0\u00a0\u00a0\u00a0\u00a0\u00a0\u00a0\u00a0\u00a0\u00a0\u00a0\u00a0 <a href=\"http:\/\/www.kmr.se\/harnosand\/wp-content\/uploads\/2011\/09\/Protokoll-sept-o-nov-2013.pdf\">Protokoll sept o nov 2013<\/a><\/p>\n<p>&nbsp;<\/p>\n","protected":false},"excerpt":{"rendered":"<p>Protokoll 2014 Protokoll styrelse o konstituerande 2014 \u00c5rsm\u00f6tesprotokoll \u00c5rsm\u00f6tesprotokoll 2011\u00a0\u00a0\u00a0\u00a0\u00a0 \u00c5rsm\u00f6tesprotokoll 20120228 \u00c5rsm\u00f6tesprotokoll 20130225 M\u00f6tesprotokoll \u00a0\u00a02011 konstituerande styrelsem\u00f6te 22 februari\u00a0\u00a0\u00a0 styrelsem\u00f6te 8 februari styrelsem\u00f6te 29 mars\u00a0\u00a0\u00a0\u00a0\u00a0\u00a0\u00a0\u00a0\u00a0\u00a0\u00a0\u00a0\u00a0\u00a0\u00a0\u00a0\u00a0\u00a0\u00a0\u00a0\u00a0\u00a0\u00a0\u00a0\u00a0\u00a0\u00a0\u00a0\u00a0\u00a0\u00a0\u00a0\u00a0\u00a0\u00a0\u00a0\u00a0 styrelsem\u00f6te 10 maj Protokoll 2011-09-27\u00a0\u00a0\u00a0\u00a0\u00a0\u00a0\u00a0\u00a0\u00a0\u00a0\u00a0\u00a0\u00a0\u00a0\u00a0\u00a0\u00a0\u00a0\u00a0\u00a0\u00a0\u00a0\u00a0\u00a0\u00a0\u00a0\u00a0\u00a0\u00a0\u00a0\u00a0\u00a0\u00a0\u00a0\u00a0\u00a0\u00a0\u00a0 Protokoll 2011-11-15 2012 Protokoll 2012-01-11\u00a0\u00a0\u00a0\u00a0\u00a0\u00a0\u00a0\u00a0\u00a0\u00a0\u00a0\u00a0\u00a0\u00a0\u00a0\u00a0\u00a0\u00a0\u00a0\u00a0\u00a0\u00a0\u00a0\u00a0\u00a0\u00a0\u00a0\u00a0\u00a0\u00a0\u00a0\u00a0\u00a0\u00a0\u00a0\u00a0\u00a0\u00a0\u00a0 Protokoll 2012-02-14 Konstituerande 20120228\u00a0\u00a0\u00a0\u00a0\u00a0\u00a0\u00a0\u00a0\u00a0\u00a0\u00a0\u00a0\u00a0\u00a0\u00a0\u00a0\u00a0\u00a0\u00a0\u00a0\u00a0\u00a0\u00a0\u00a0\u00a0\u00a0\u00a0\u00a0\u00a0 Styrelseprotokoll 20120417 Styrelseprotokoll 20120612\u00a0\u00a0\u00a0\u00a0\u00a0\u00a0\u00a0\u00a0\u00a0\u00a0\u00a0\u00a0\u00a0\u00a0\u00a0\u00a0\u00a0\u00a0\u00a0\u00a0\u00a0\u00a0\u00a0\u00a0\u00a0\u00a0\u00a0\u00a0Protokoll 2012-09-23 Protokoll 2012.11.20 \u00a02013 2013-01-22\u00a0\u00a0\u00a0\u00a0\u00a0\u00a0\u00a0\u00a0\u00a0\u00a0\u00a0\u00a0\u00a0\u00a0\u00a0\u00a0\u00a0\u00a0\u00a0\u00a0\u00a0\u00a0\u00a0\u00a0\u00a0\u00a0\u00a0\u00a0\u00a0\u00a0\u00a0\u00a0\u00a0\u00a0\u00a0\u00a0\u00a0\u00a0\u00a0\u00a0\u00a0\u00a0\u00a0\u00a0\u00a0\u00a0\u00a0\u00a0\u00a0\u00a0\u00a0 Konstituerande m\u00f6te 2013-02-25 2013-04-16\u00a0\u00a0\u00a0\u00a0\u00a0\u00a0\u00a0\u00a0\u00a0\u00a0\u00a0\u00a0\u00a0\u00a0\u00a0\u00a0\u00a0\u00a0\u00a0\u00a0\u00a0\u00a0\u00a0\u00a0\u00a0\u00a0\u00a0\u00a0\u00a0\u00a0\u00a0\u00a0\u00a0\u00a0\u00a0\u00a0\u00a0\u00a0\u00a0\u00a0\u00a0\u00a0\u00a0\u00a0\u00a0\u00a0\u00a0\u00a0\u00a0\u00a0\u00a0 Protokoll sept [&hellip;]<\/p>\n","protected":false},"author":1,"featured_media":0,"parent":0,"menu_order":0,"comment_status":"open","ping_status":"open","template":"","meta":{"footnotes":""},"class_list":["post-35","page","type-page","status-publish","hentry"],"_links":{"self":[{"href":"https:\/\/www.kmr.se\/harnosand\/wp-json\/wp\/v2\/pages\/35","targetHints":{"allow":["GET"]}}],"collection":[{"href":"https:\/\/www.kmr.se\/harnosand\/wp-json\/wp\/v2\/pages"}],"about":[{"href":"https:\/\/www.kmr.se\/harnosand\/wp-json\/wp\/v2\/types\/page"}],"author":[{"embeddable":true,"href":"https:\/\/www.kmr.se\/harnosand\/wp-json\/wp\/v2\/users\/1"}],"replies":[{"embeddable":true,"href":"https:\/\/www.kmr.se\/harnosand\/wp-json\/wp\/v2\/comments?post=35"}],"version-history":[{"count":15,"href":"https:\/\/www.kmr.se\/harnosand\/wp-json\/wp\/v2\/pages\/35\/revisions"}],"predecessor-version":[{"id":75,"href":"https:\/\/www.kmr.se\/harnosand\/wp-json\/wp\/v2\/pages\/35\/revisions\/75"}],"wp:attachment":[{"href":"https:\/\/www.kmr.se\/harnosand\/wp-json\/wp\/v2\/media?parent=35"}],"curies":[{"name":"wp","href":"https:\/\/api.w.org\/{rel}","templated":true}]}}