





{"id":11,"date":"2010-12-06T13:55:01","date_gmt":"2010-12-06T13:55:01","guid":{"rendered":"http:\/\/kmr.se\/stockholm\/"},"modified":"2011-11-15T08:28:21","modified_gmt":"2011-11-15T08:28:21","slug":"lankar","status":"publish","type":"page","link":"https:\/\/www.kmr.se\/harnosand\/lankar\/","title":{"rendered":"L\u00e4nkar"},"content":{"rendered":"<p><a title=\"KMR\" href=\"http:\/\/www.kmr.se\"><strong><em>KMR<\/em><\/strong><\/a><\/p>\n<p><a title=\"L\u00e4rarf\u00f6rbundet\" href=\"http:\/\/www.lararforbundet.se\"><strong><em>L\u00e4rarf\u00f6rbundet<\/em><\/strong><\/a><em> <\/em><\/p>\n<p><em><strong>L\u00e4rarf\u00f6rbundets lokalf\u00f6reningar:<\/strong><\/em><\/p>\n<p><a title=\"\u00d6vik\" href=\"http:\/\/www.lararforbundet.se\/web\/lokhem\/ornskoldsvik.nsf\"><strong>\u00d6rnsk\u00f6ldsvik:<\/strong><br \/>\n<\/a>Telefon: 0660-88579<br \/>\nE-post: <a href=\"mailto:lararforbundet@ornskoldsvik.lararforbundet.se\">lararforbundet@ornskoldsvik.lararforbundet.se<\/a><\/p>\n<p><a title=\"Kramfors\" href=\"http:\/\/www.lararforbundet.se\/web\/lokhem\/kramfors.nsf\"><strong>Kramfors:<\/strong><br \/>\n<\/a>Telefon: 0612-80583<br \/>\nE-post: <a href=\"mailto:lararforbundet@kramfors.lararforbundet.se\">lararforbundet@kramfors.lararforbundet.se<strong> <\/strong><\/a><\/p>\n<p><strong><a title=\"Sollefte\u00e5\" href=\"http:\/\/www.lararforbundet.se\/web\/lokhem\/solleftea.nsf\">Sollefte\u00e5:<\/a><\/strong><br \/>\nBes\u00f6ksadress: Hullsta G\u00e5rd, Sollefte\u00e5<br \/>\nTelefon: 0620-682583<br \/>\nE-post: <a href=\"mailto:lararforbundet@solleftea.lararforbundet.se\">lararforbundet@solleftea.lararforbundet.se<\/a><\/p>\n<p><a title=\"H\u00e4rn\u00f6sand\" href=\"http:\/\/www.lararforbundet.se\/web\/lokhem\/harnosand.nsf\"><strong>H\u00e4rn\u00f6sand:<\/strong><br \/>\n<\/a>Bes\u00f6ksadress: Johannesbergsgatan 3<br \/>\nTelefon: 0611-348996<br \/>\nE-post: <a href=\"mailto:lararforbundet@harnosand.lararforbundet.se\">lararforbundet@harnosand.lararforbundet.se<strong><\/strong><\/a><\/p>\n<p><a title=\"Timr\u00e5\" href=\"http:\/\/www.lararforbundet.se\/web\/lokhem\/timra.nsf\"><strong>Timr\u00e5:<\/strong><br \/>\n<\/a>Bes\u00f6ksadress: K\u00f6pmangatan 14, Timr\u00e5<br \/>\nTelefon: 070-6567034<br \/>\nE-post: <a href=\"mailto:lararforbundet@timra.lararforbundet.se\">lararforbundet@timra.lararforbundet.se<\/a><\/p>\n<p><a title=\"Sundsvall\" href=\"http:\/\/www.lararforbundet.se\/web\/lokhem\/Sundsvall.nsf\"><strong>Sundsvall:<\/strong><br \/>\n<\/a>Bes\u00f6ksadress: Kyrkogatan 26, Sundsvall<br \/>\nTelefon: 060-192840<br \/>\nE-post: <a href=\"mailto:lararforbundet@sundsvall.lararforbundet.se\">lararforbundet@sundsvall.lararforbundet.se<\/a><\/p>\n<p><a title=\"\u00c5nge\" href=\"http:\/\/www.lararforbundet.se\/web\/lokhem\/ange.nsf\"><strong>\u00c5nge:<\/strong><br \/>\n<\/a>Bes\u00f6ksadress: Centraltorget 20, Medborgarhuset<br \/>\nTelefon: 0690-250355<br \/>\nE-post: <a href=\"mailto:lararforbundet@ange.lararforbundet.se\">lararforbundet@ange.lararforbundet.se<\/a><\/p>\n<p><em><strong>\u00d6vriga f\u00f6reningar<\/strong><\/em><\/p>\n<p><strong>Orgelklubben <a title=\"Vox Humana\" href=\"http:\/\/www.voxhumana.nu\">Vox Humana<\/a><\/strong><\/p>\n<p><strong><a title=\"Svenska orgels\u00e4llskapet\" href=\"http:\/\/www.orgelsallskapet.se\">Svenska orgels\u00e4llskapet<\/a><\/strong><\/p>\n<p><strong><a title=\"Svenska kyrkos\u00e5ngsf\u00f6rbundet\" href=\"http:\/\/www.sjungikyrkan.nu\">Svenska kyrkos\u00e5ngsf\u00f6rbundet<\/a><br \/>\n<\/strong><\/p>\n","protected":false},"excerpt":{"rendered":"<p>KMR L\u00e4rarf\u00f6rbundet L\u00e4rarf\u00f6rbundets lokalf\u00f6reningar: \u00d6rnsk\u00f6ldsvik: Telefon: 0660-88579 E-post: lararforbundet@ornskoldsvik.lararforbundet.se Kramfors: Telefon: 0612-80583 E-post: lararforbundet@kramfors.lararforbundet.se Sollefte\u00e5: Bes\u00f6ksadress: Hullsta G\u00e5rd, Sollefte\u00e5 Telefon: 0620-682583 E-post: lararforbundet@solleftea.lararforbundet.se H\u00e4rn\u00f6sand: Bes\u00f6ksadress: Johannesbergsgatan 3 Telefon: 0611-348996 E-post: lararforbundet@harnosand.lararforbundet.se Timr\u00e5: Bes\u00f6ksadress: K\u00f6pmangatan 14, Timr\u00e5 Telefon: 070-6567034 E-post: lararforbundet@timra.lararforbundet.se Sundsvall: Bes\u00f6ksadress: Kyrkogatan 26, Sundsvall Telefon: 060-192840 E-post: lararforbundet@sundsvall.lararforbundet.se \u00c5nge: Bes\u00f6ksadress: Centraltorget 20, Medborgarhuset Telefon: [&hellip;]<\/p>\n","protected":false},"author":1,"featured_media":0,"parent":0,"menu_order":20,"comment_status":"open","ping_status":"closed","template":"","meta":{"footnotes":""},"class_list":["post-11","page","type-page","status-publish","hentry"],"_links":{"self":[{"href":"https:\/\/www.kmr.se\/harnosand\/wp-json\/wp\/v2\/pages\/11","targetHints":{"allow":["GET"]}}],"collection":[{"href":"https:\/\/www.kmr.se\/harnosand\/wp-json\/wp\/v2\/pages"}],"about":[{"href":"https:\/\/www.kmr.se\/harnosand\/wp-json\/wp\/v2\/types\/page"}],"author":[{"embeddable":true,"href":"https:\/\/www.kmr.se\/harnosand\/wp-json\/wp\/v2\/users\/1"}],"replies":[{"embeddable":true,"href":"https:\/\/www.kmr.se\/harnosand\/wp-json\/wp\/v2\/comments?post=11"}],"version-history":[{"count":15,"href":"https:\/\/www.kmr.se\/harnosand\/wp-json\/wp\/v2\/pages\/11\/revisions"}],"predecessor-version":[{"id":21,"href":"https:\/\/www.kmr.se\/harnosand\/wp-json\/wp\/v2\/pages\/11\/revisions\/21"}],"wp:attachment":[{"href":"https:\/\/www.kmr.se\/harnosand\/wp-json\/wp\/v2\/media?parent=11"}],"curies":[{"name":"wp","href":"https:\/\/api.w.org\/{rel}","templated":true}]}}